{"id":241547,"date":"2024-04-05T13:25:30","date_gmt":"2024-04-05T11:25:30","guid":{"rendered":"https:\/\/camp.direkt.net\/home\/"},"modified":"2025-07-01T13:03:42","modified_gmt":"2025-07-01T11:03:42","slug":"home","status":"publish","type":"page","link":"https:\/\/camp.direkt.net\/cs\/","title":{"rendered":"Domovsk\u00e1 str\u00e1nka"},"content":{"rendered":"<p>[et_pb_section fb_built=&#8220;1&#8243; _builder_version=&#8220;4.27.4&#8243; _module_preset=&#8220;default&#8220; background_image=&#8220;https:\/\/camp.direkt.net\/wp-content\/uploads\/2024\/11\/HOPS_CAMP_Partner-BG.png&#8220; background_position=&#8220;top_right&#8220; background_horizontal_offset=&#8220;-46%&#8220; min_height=&#8220;90vh&#8220; background_last_edited=&#8220;on|phone&#8220; background_horizontal_offset_tablet=&#8220;7%&#8220; global_colors_info=&#8220;{}&#8220;][et_pb_row _builder_version=&#8220;4.27.3&#8243; _module_preset=&#8220;default&#8220; custom_padding=&#8220;||5vh||false|false&#8220; global_colors_info=&#8220;{}&#8220;][et_pb_column type=&#8220;4_4&#8243; _builder_version=&#8220;4.27.3&#8243; _module_preset=&#8220;default&#8220; global_colors_info=&#8220;{}&#8220;][et_pb_image src=&#8220;https:\/\/camp.direkt.net\/wp-content\/uploads\/2024\/11\/HOPS_CAMP-Logo.png&#8220; title_text=&#8220;Logo HOPS_CAMP&#8220; _builder_version=&#8220;4.27.3&#8243; _module_preset=&#8220;default&#8220; max_width=&#8220;350px&#8220; module_alignment=&#8220;center&#8220; global_colors_info=&#8220;{}&#8220;][\/et_pb_image][et_pb_text _builder_version=&#8220;4.27.4&#8243; _module_preset=&#8220;default&#8220; header_font=&#8220;Gill bold||||||||&#8220; header_text_align=&#8220;center&#8220; header_text_color=&#8220;#161925&#8243; header_font_size=&#8220;75px&#8220; max_width=&#8220;900px&#8220; module_alignment=&#8220;center&#8220; header_font_size_tablet=&#8220;60px&#8220; header_font_size_phone=&#8220;45px&#8220; header_font_size_last_edited=&#8220;on|tablet&#8220; global_colors_info=&#8220;{}&#8220;]<\/p>\n<h1>V\u00edtejte ve sv\u00e9m NC-Hops Campu<\/h1>\n<p>[\/et_pb_text][et_pb_blurb use_icon=&#8220;on&#8220; font_icon=&#8220;&#x55;||divi||400&#8243; icon_color=&#8220;#161925&#8243; icon_placement=&#8220;left&#8220; image_icon_width=&#8220;28px&#8220; _builder_version=&#8220;4.27.3&#8243; _dynamic_attributes=&#8220;link_option_url&#8220; _module_preset=&#8220;default&#8220; header_level=&#8220;h3&#8243; header_font_size=&#8220;24px&#8220; body_font=&#8220;Gill reg||||||||&#8220; body_text_color=&#8220;#161925&#8243; body_font_size=&#8220;22px&#8220; background_color=&#8220;RGBA(255,255,255,0)&#8220; max_width=&#8220;230px&#8220; module_alignment=&#8220;center&#8220; custom_padding=&#8220;10px|10px|10px|10px|true|true&#8220; link_option_url=&#8220;@ET-DC@eyJkeW5hbWljIjp0cnVlLCJjb250ZW50IjoicG9zdF9saW5rX3VybF9wYWdlIiwic2V0dGluZ3MiOnsicG9zdF9pZCI6IjIzOTk5NSIsImVuYWJsZV9odG1sIjoib2ZmIn19@&#8220; border_radii=&#8220;on|12px|12px|12px|12px&#8220; border_width_all=&#8220;2px&#8220; global_colors_info=&#8220;{}&#8220;]<\/p>\n<p>Jdeme na to!<\/p>\n<p>[\/et_pb_blurb][\/et_pb_column][\/et_pb_row][et_pb_row column_structure=&#8220;1_2,1_2&#8243; _builder_version=&#8220;4.27.3&#8243; _module_preset=&#8220;default&#8220; width=&#8220;100%&#8220; max_width=&#8220;100%&#8220; custom_margin=&#8220;||||false|false&#8220; custom_padding=&#8220;||||false|false&#8220; global_colors_info=&#8220;{}&#8220; disabled_on=&#8220;on|on|on&#8220; disabled=&#8220;on&#8220;][et_pb_column type=&#8220;1_2&#8243; _builder_version=&#8220;4.27.3&#8243; _module_preset=&#8220;default&#8220; background_enable_image=&#8220;off&#8220; background_size=&#8220;contain&#8220; background_position=&#8220;bottom_left&#8220; global_colors_info=&#8220;{}&#8220;][et_pb_text _builder_version=&#8220;4.27.4&#8243; _module_preset=&#8220;default&#8220; text_font=&#8220;Gill light||||||||&#8220; text_text_color=&#8220;#161925&#8243; text_font_size=&#8220;22px&#8220; text_letter_spacing=&#8220;2px&#8220; text_line_height=&#8220;1.6em&#8220; header_2_font=&#8220;Gill bold||||||||&#8220; max_width=&#8220;450px&#8220; custom_padding=&#8220;||5%|10%|false|false&#8220; custom_padding_tablet=&#8220;||5%|10%|false|false&#8220; custom_padding_phone=&#8220;||17%|10%|false|false&#8220; custom_padding_last_edited=&#8220;on|tablet&#8220; global_colors_info=&#8220;{}&#8220;]<\/p>\n<h2>X- MAS SPECIAL:<\/h2>\n<p>O <strong>d 1. prosince<\/strong> objevte na\u0161i novou e-learningovou platformu<br \/>&#8222;NC-Hops Camp&#8220; s <strong>denn\u011b zve\u0159ej\u0148ovan\u00fdmi v\u00fdukov\u00fdmi videi<\/strong>.<\/p>\n<p>[\/et_pb_text][et_pb_image src=&#8220;https:\/\/camp.direkt.net\/wp-content\/uploads\/2024\/11\/HOPS_CAMP-geschenk.png&#8220; title_text=&#8220;HOPS_CAMP-gift&#8220; _builder_version=&#8220;4.27.3&#8243; _module_preset=&#8220;default&#8220; positioning=&#8220;absolute&#8220; position_origin_a=&#8220;bottom_left&#8220; position_origin_r=&#8220;bottom_left&#8220; position_origin_a_last_edited=&#8220;off|desktop&#8220; position_origin_f_last_edited=&#8220;off|desktop&#8220; position_origin_r_last_edited=&#8220;off|desktop&#8220; width=&#8220;100%&#8220; positioning_last_edited=&#8220;off|desktop&#8220; global_colors_info=&#8220;{}&#8220;][\/et_pb_image][\/et_pb_column][et_pb_column type=&#8220;1_2&#8243; _builder_version=&#8220;4.27.3&#8243; _module_preset=&#8220;default&#8220; global_colors_info=&#8220;{}&#8220;][\/et_pb_column][\/et_pb_row][\/et_pb_section]<\/p>\n","protected":false},"excerpt":{"rendered":"<p>V\u00edtejte ve sv\u00e9m NC-Hops CampuJdeme na to!X- MAS SPECIAL: O d 1. prosince objevte na\u0161i novou e-learningovou platformu&#8220;NC-Hops Camp&#8220; s denn\u011b zve\u0159ej\u0148ovan\u00fdmi v\u00fdukov\u00fdmi videi.<\/p>\n","protected":false},"author":2,"featured_media":0,"parent":0,"menu_order":1,"comment_status":"closed","ping_status":"closed","template":"","meta":{"_et_pb_use_builder":"on","_et_pb_old_content":"","_et_gb_content_width":"","footnotes":""},"class_list":["post-241547","page","type-page","status-publish","hentry"],"_links":{"self":[{"href":"https:\/\/camp.direkt.net\/cs\/wp-json\/wp\/v2\/pages\/241547","targetHints":{"allow":["GET"]}}],"collection":[{"href":"https:\/\/camp.direkt.net\/cs\/wp-json\/wp\/v2\/pages"}],"about":[{"href":"https:\/\/camp.direkt.net\/cs\/wp-json\/wp\/v2\/types\/page"}],"author":[{"embeddable":true,"href":"https:\/\/camp.direkt.net\/cs\/wp-json\/wp\/v2\/users\/2"}],"replies":[{"embeddable":true,"href":"https:\/\/camp.direkt.net\/cs\/wp-json\/wp\/v2\/comments?post=241547"}],"version-history":[{"count":5,"href":"https:\/\/camp.direkt.net\/cs\/wp-json\/wp\/v2\/pages\/241547\/revisions"}],"predecessor-version":[{"id":244400,"href":"https:\/\/camp.direkt.net\/cs\/wp-json\/wp\/v2\/pages\/241547\/revisions\/244400"}],"wp:attachment":[{"href":"https:\/\/camp.direkt.net\/cs\/wp-json\/wp\/v2\/media?parent=241547"}],"curies":[{"name":"wp","href":"https:\/\/api.w.org\/{rel}","templated":true}]}}