{"id":244181,"date":"2024-11-25T16:46:40","date_gmt":"2024-11-25T15:46:40","guid":{"rendered":"https:\/\/camp.direkt.net\/partenaire-marag\/"},"modified":"2025-07-01T12:49:10","modified_gmt":"2025-07-01T10:49:10","slug":"partenaire-marag","status":"publish","type":"page","link":"https:\/\/camp.direkt.net\/fr\/partenaire-marag\/","title":{"rendered":"Partenaire Marag"},"content":{"rendered":"<p>[et_pb_section fb_built=\u00a0\u00bb1&Prime; _builder_version=\u00a0\u00bb4.27.3&Prime; _module_preset=\u00a0\u00bbdefault\u00a0\u00bb background_image=\u00a0\u00bbhttps:\/\/camp.direkt.net\/wp-content\/uploads\/2024\/11\/HOPS_CAMP_Partner-BG.png\u00a0\u00bb background_position=\u00a0\u00bbtop_right\u00a0\u00bb background_horizontal_offset=\u00a0\u00bb-46%\u00a0\u00bb background_vertical_offset=\u00a0\u00bb50px\u00a0\u00bb min_height=\u00a0\u00bb100vh\u00a0\u00bb background_last_edited=\u00a0\u00bbon|phone\u00a0\u00bb background_horizontal_offset_tablet=\u00a0\u00bb7%\u00a0\u00bb global_colors_info=\u00a0\u00bb{}\u00a0\u00bb][et_pb_row _builder_version=\u00a0\u00bb4.27.3&Prime; _module_preset=\u00a0\u00bbdefault\u00a0\u00bb width=\u00a0\u00bb90%\u00a0\u00bb max_width=\u00a0\u00bb90%\u00a0\u00bb custom_margin=\u00a0\u00bb||||false|false\u00a0\u00bb global_colors_info=\u00a0\u00bb{}\u00a0\u00bb][et_pb_column type=\u00a0\u00bb4_4&Prime; _builder_version=\u00a0\u00bb4.27.3&Prime; _module_preset=\u00a0\u00bbdefault\u00a0\u00bb global_colors_info=\u00a0\u00bb{}\u00a0\u00bb][et_pb_image src=\u00a0\u00bbhttps:\/\/camp.direkt.net\/wp-content\/uploads\/2024\/11\/Marag-Logo.jpg\u00a0\u00bb title_text=\u00a0\u00bbLogo Marag\u00a0\u00bb url=\u00a0\u00bbhttps:\/\/www.marag-service.ch\/\u00a0\u00bb url_new_window=\u00a0\u00bbon\u00a0\u00bb _builder_version=\u00a0\u00bb4.27.3&Prime; _module_preset=\u00a0\u00bbdefault\u00a0\u00bb max_width=\u00a0\u00bb240px\u00a0\u00bb module_alignment=\u00a0\u00bbleft\u00a0\u00bb global_colors_info=\u00a0\u00bb{}\u00a0\u00bb][\/et_pb_image][\/et_pb_column][\/et_pb_row][et_pb_row _builder_version=\u00a0\u00bb4.27.3&Prime; _module_preset=\u00a0\u00bbdefault\u00a0\u00bb custom_padding=\u00a0\u00bb||5vh||false|false\u00a0\u00bb global_colors_info=\u00a0\u00bb{}\u00a0\u00bb][et_pb_column type=\u00a0\u00bb4_4&Prime; _builder_version=\u00a0\u00bb4.27.3&Prime; _module_preset=\u00a0\u00bbdefault\u00a0\u00bb global_colors_info=\u00a0\u00bb{}\u00a0\u00bb][et_pb_image src=\u00a0\u00bbhttps:\/\/camp.direkt.net\/wp-content\/uploads\/2024\/11\/HOPS_CAMP-Logo.png\u00a0\u00bb title_text=\u00a0\u00bbLogo HOPS_CAMP\u00a0\u00bb _builder_version=\u00a0\u00bb4.27.3&Prime; _module_preset=\u00a0\u00bbdefault\u00a0\u00bb max_width=\u00a0\u00bb350px\u00a0\u00bb module_alignment=\u00a0\u00bbcenter\u00a0\u00bb global_colors_info=\u00a0\u00bb{}\u00a0\u00bb][\/et_pb_image][et_pb_text _builder_version=\u00a0\u00bb4.27.4&Prime; _module_preset=\u00a0\u00bbdefault\u00a0\u00bb header_font=\u00a0\u00bbGill bold||||||||\u00a0\u00bb header_text_align=\u00a0\u00bbcenter\u00a0\u00bb header_text_color=\u00a0\u00bb#161925&Prime; header_font_size=\u00a0\u00bb75px\u00a0\u00bb max_width=\u00a0\u00bb900px\u00a0\u00bb module_alignment=\u00a0\u00bbcenter\u00a0\u00bb hover_enabled=\u00a0\u00bb0&Prime; header_font_size_tablet=\u00a0\u00bb60px\u00a0\u00bb header_font_size_phone=\u00a0\u00bb45px\u00a0\u00bb header_font_size_last_edited=\u00a0\u00bbon|tablet\u00a0\u00bb global_colors_info=\u00a0\u00bb{}\u00a0\u00bb sticky_enabled=\u00a0\u00bb0&Prime;]<\/p>\n<h1>Bienvenue dans ton camp NC-Hops<\/h1>\n<p>[\/et_pb_text][et_pb_blurb use_icon=\u00a0\u00bbon\u00a0\u00bb font_icon=\u00a0\u00bb&#x55;||divi||400&Prime; icon_color=\u00a0\u00bb#161925&Prime; icon_placement=\u00a0\u00bbleft\u00a0\u00bb image_icon_width=\u00a0\u00bb28px\u00a0\u00bb _builder_version=\u00a0\u00bb4.27.3&Prime; _dynamic_attributes=\u00a0\u00bblink_option_url\u00a0\u00bb _module_preset=\u00a0\u00bbdefault\u00a0\u00bb header_level=\u00a0\u00bbh3&Prime; header_font_size=\u00a0\u00bb24px\u00a0\u00bb body_font=\u00a0\u00bbGill reg||||on||||\u00a0\u00bb body_text_color=\u00a0\u00bb#161925&Prime; body_font_size=\u00a0\u00bb22px\u00a0\u00bb max_width=\u00a0\u00bb230px\u00a0\u00bb module_alignment=\u00a0\u00bbcenter\u00a0\u00bb custom_padding=\u00a0\u00bb10px|10px|10px|10px|true|true\u00a0\u00bb link_option_url=\u00a0\u00bb@ET-DC@eyJkeW5hbWljIjp0cnVlLCJjb250ZW50IjoiaG9tZV91cmwiLCJzZXR0aW5ncyI6eyJlbmFibGVfaHRtbCI6Im9mZiJ9fQ==@\u00a0\u00bb border_radii=\u00a0\u00bbon|12px|12px|12px|12px\u00a0\u00bb border_width_all=\u00a0\u00bb2px\u00a0\u00bb global_colors_info=\u00a0\u00bb{}\u00a0\u00bb]<\/p>\n<p>camp.direkt.net<\/p>\n<p>[\/et_pb_blurb][\/et_pb_column][\/et_pb_row][et_pb_row column_structure=\u00a0\u00bb1_2,1_2&Prime; _builder_version=\u00a0\u00bb4.27.3&Prime; _module_preset=\u00a0\u00bbdefault\u00a0\u00bb width=\u00a0\u00bb100%\u00a0\u00bb max_width=\u00a0\u00bb100%\u00a0\u00bb custom_margin=\u00a0\u00bb||||false|false\u00a0\u00bb custom_padding=\u00a0\u00bb||||false|false\u00a0\u00bb global_colors_info=\u00a0\u00bb{}\u00a0\u00bb][et_pb_column type=\u00a0\u00bb1_2&Prime; _builder_version=\u00a0\u00bb4.27.3&Prime; _module_preset=\u00a0\u00bbdefault\u00a0\u00bb background_enable_image=\u00a0\u00bboff\u00a0\u00bb background_size=\u00a0\u00bbcontain\u00a0\u00bb background_position=\u00a0\u00bbbottom_left\u00a0\u00bb global_colors_info=\u00a0\u00bb{}\u00a0\u00bb][et_pb_text _builder_version=\u00a0\u00bb4.27.4&Prime; _module_preset=\u00a0\u00bbdefault\u00a0\u00bb text_font=\u00a0\u00bbGill light||||||||\u00a0\u00bb text_text_color=\u00a0\u00bb#161925&Prime; text_font_size=\u00a0\u00bb22px\u00a0\u00bb text_letter_spacing=\u00a0\u00bb2px\u00a0\u00bb text_line_height=\u00a0\u00bb1.6em\u00a0\u00bb header_2_font=\u00a0\u00bbGill bold||||||||\u00a0\u00bb max_width=\u00a0\u00bb450px\u00a0\u00bb custom_padding=\u00a0\u00bb||5%|10%|false|false\u00a0\u00bb custom_padding_tablet=\u00a0\u00bb||5%|10%|false|false\u00a0\u00bb custom_padding_phone=\u00a0\u00bb||17%|10%|false|false\u00a0\u00bb custom_padding_last_edited=\u00a0\u00bbon|tablet\u00a0\u00bb hover_enabled=\u00a0\u00bb0&Prime; global_colors_info=\u00a0\u00bb{}\u00a0\u00bb sticky_enabled=\u00a0\u00bb0&Prime; locked=\u00a0\u00bboff\u00a0\u00bb]<\/p>\n<h2>X- MAS SP\u00c9CIAL :<\/h2>\n<p>D\u00e9couvre <strong>\u00e0 partir du 1er d\u00e9cembre<\/strong> notre<br \/>NOUVELLE plate-forme d&rsquo;apprentissage en ligne<br \/>\u00ab\u00a0NC-Hops Camp\u00a0\u00bb avec <strong>des vid\u00e9os d&rsquo;apprentissage activ\u00e9es quotidiennement.<\/strong><\/p>\n<p>[\/et_pb_text][et_pb_image src=\u00a0\u00bbhttps:\/\/camp.direkt.net\/wp-content\/uploads\/2024\/11\/HOPS_CAMP-geschenk.png\u00a0\u00bb title_text=\u00a0\u00bbHOPS_CAMP-cadeau\u00a0\u00bb _builder_version=\u00a0\u00bb4.27.3&Prime; _module_preset=\u00a0\u00bbdefault\u00a0\u00bb positioning=\u00a0\u00bbabsolute\u00a0\u00bb position_origin_a=\u00a0\u00bbbottom_left\u00a0\u00bb position_origin_r=\u00a0\u00bbbottom_left\u00a0\u00bb position_origin_a_last_edited=\u00a0\u00bboff|desktop\u00a0\u00bb position_origin_f_last_edited=\u00a0\u00bboff|desktop\u00a0\u00bb position_origin_r_last_edited=\u00a0\u00bboff|desktop\u00a0\u00bb width=\u00a0\u00bb100%\u00a0\u00bb positioning_last_edited=\u00a0\u00bboff|desktop\u00a0\u00bb global_colors_info=\u00a0\u00bb{}\u00a0\u00bb][\/et_pb_image][\/et_pb_column][et_pb_column type=\u00a0\u00bb1_2&Prime; _builder_version=\u00a0\u00bb4.27.3&Prime; _module_preset=\u00a0\u00bbdefault\u00a0\u00bb global_colors_info=\u00a0\u00bb{}\u00a0\u00bb][\/et_pb_column][\/et_pb_row][\/et_pb_section]<\/p>\n","protected":false},"excerpt":{"rendered":"<p>Bienvenue dans ton camp NC-Hopscamp.direkt.netX- MAS SP\u00c9CIAL : D\u00e9couvre \u00e0 partir du 1er d\u00e9cembre notreNOUVELLE plate-forme d&rsquo;apprentissage en ligne\u00a0\u00bbNC-Hops Camp\u00a0\u00bb avec des vid\u00e9os d&rsquo;apprentissage activ\u00e9es quotidiennement.<\/p>\n","protected":false},"author":2,"featured_media":0,"parent":0,"menu_order":0,"comment_status":"closed","ping_status":"closed","template":"page-template-blank.php","meta":{"_et_pb_use_builder":"on","_et_pb_old_content":"","_et_gb_content_width":"","footnotes":""},"class_list":["post-244181","page","type-page","status-publish","hentry"],"_links":{"self":[{"href":"https:\/\/camp.direkt.net\/fr\/wp-json\/wp\/v2\/pages\/244181","targetHints":{"allow":["GET"]}}],"collection":[{"href":"https:\/\/camp.direkt.net\/fr\/wp-json\/wp\/v2\/pages"}],"about":[{"href":"https:\/\/camp.direkt.net\/fr\/wp-json\/wp\/v2\/types\/page"}],"author":[{"embeddable":true,"href":"https:\/\/camp.direkt.net\/fr\/wp-json\/wp\/v2\/users\/2"}],"replies":[{"embeddable":true,"href":"https:\/\/camp.direkt.net\/fr\/wp-json\/wp\/v2\/comments?post=244181"}],"version-history":[{"count":2,"href":"https:\/\/camp.direkt.net\/fr\/wp-json\/wp\/v2\/pages\/244181\/revisions"}],"predecessor-version":[{"id":244187,"href":"https:\/\/camp.direkt.net\/fr\/wp-json\/wp\/v2\/pages\/244181\/revisions\/244187"}],"wp:attachment":[{"href":"https:\/\/camp.direkt.net\/fr\/wp-json\/wp\/v2\/media?parent=244181"}],"curies":[{"name":"wp","href":"https:\/\/api.w.org\/{rel}","templated":true}]}}