{"id":243995,"date":"2024-02-21T17:29:50","date_gmt":"2024-02-21T16:29:50","guid":{"rendered":"https:\/\/camp.direkt.net\/profil\/"},"modified":"2025-07-01T13:07:57","modified_gmt":"2025-07-01T11:07:57","slug":"profil","status":"publish","type":"page","link":"https:\/\/camp.direkt.net\/pl\/profil\/","title":{"rendered":"Profil"},"content":{"rendered":"<p><strong>Kliknij <a data-login_url=\"\" href=\"#\" class=\"tutor-open-login-modal\">Rejestracja<\/a>, aby wy\u015bwietli\u0107 stron\u0119<\/strong><\/p>\n","protected":false},"excerpt":{"rendered":"","protected":false},"author":2,"featured_media":0,"parent":0,"menu_order":4,"comment_status":"closed","ping_status":"closed","template":"","meta":{"_et_pb_use_builder":"off","_et_pb_old_content":"","_et_gb_content_width":"","footnotes":""},"class_list":["post-243995","page","type-page","status-publish","hentry"],"_links":{"self":[{"href":"https:\/\/camp.direkt.net\/pl\/wp-json\/wp\/v2\/pages\/243995","targetHints":{"allow":["GET"]}}],"collection":[{"href":"https:\/\/camp.direkt.net\/pl\/wp-json\/wp\/v2\/pages"}],"about":[{"href":"https:\/\/camp.direkt.net\/pl\/wp-json\/wp\/v2\/types\/page"}],"author":[{"embeddable":true,"href":"https:\/\/camp.direkt.net\/pl\/wp-json\/wp\/v2\/users\/2"}],"replies":[{"embeddable":true,"href":"https:\/\/camp.direkt.net\/pl\/wp-json\/wp\/v2\/comments?post=243995"}],"version-history":[{"count":1,"href":"https:\/\/camp.direkt.net\/pl\/wp-json\/wp\/v2\/pages\/243995\/revisions"}],"predecessor-version":[{"id":245410,"href":"https:\/\/camp.direkt.net\/pl\/wp-json\/wp\/v2\/pages\/243995\/revisions\/245410"}],"wp:attachment":[{"href":"https:\/\/camp.direkt.net\/pl\/wp-json\/wp\/v2\/media?parent=243995"}],"curies":[{"name":"wp","href":"https:\/\/api.w.org\/{rel}","templated":true}]}}