{"id":243950,"date":"2024-04-05T13:25:30","date_gmt":"2024-04-05T11:25:30","guid":{"rendered":"https:\/\/camp.direkt.net\/home-page\/"},"modified":"2025-07-01T13:07:54","modified_gmt":"2025-07-01T11:07:54","slug":"home-page","status":"publish","type":"page","link":"https:\/\/camp.direkt.net\/sv\/","title":{"rendered":"Hemsidan"},"content":{"rendered":"<p>[et_pb_section fb_built=&#8221;1&#8243; _builder_version=&#8221;4.27.4&#8243; _module_preset=&#8221;default&#8221; background_image=&#8221;https:\/\/camp.direkt.net\/wp-content\/uploads\/2024\/11\/HOPS_CAMP_Partner-BG.png&#8221; background_position=&#8221;top_right&#8221; background_horizontal_offset=&#8221;-46%&#8221; min_height=&#8221;90vh&#8221; background_last_edited=&#8221;on|phone&#8221; background_horizontal_offset_tablet=&#8221;7%&#8221; global_colors_info=&#8221;{}&#8221;][et_pb_row _builder_version=&#8221;4.27.3&#8243; _module_preset=&#8221;default&#8221; custom_padding=&#8221;||5vh||false|false&#8221; global_colors_info=&#8221;{}&#8221;][et_pb_column type=&#8221;4_4&#8243; _builder_version=&#8221;4.27.3&#8243; _module_preset=&#8221;default&#8221; global_colors_info=&#8221;{}&#8221;][et_pb_image src=&#8221;https:\/\/camp.direkt.net\/wp-content\/uploads\/2024\/11\/HOPS_CAMP-Logo.png&#8221; title_text=&#8221;HOPS_CAMP logotyp&#8221; _builder_version=&#8221;4.27.3&#8243; _module_preset=&#8221;default&#8221; max_width=&#8221;350px&#8221; module_alignment=&#8221;center&#8221; global_colors_info=&#8221;{}&#8221;][\/et_pb_image][et_pb_text _builder_version=&#8221;4.27.4&#8243; _module_preset=&#8221;default&#8221; header_font=&#8221;Gill bold||||||||&#8221; header_text_align=&#8221;center&#8221; header_text_color=&#8221;#161925&#8243; header_font_size=&#8221;75px&#8221; max_width=&#8221;900px&#8221; module_alignment=&#8221;center&#8221; header_font_size_tablet=&#8221;60px&#8221; header_font_size_phone=&#8221;45px&#8221; header_font_size_last_edited=&#8221;on|tablet&#8221; global_colors_info=&#8221;{}&#8221;]<\/p>\n<h1>V\u00e4lkommen till ditt NC-Hops Camp<\/h1>\n<p>[\/et_pb_text][et_pb_blurb use_icon=&#8221;on&#8221; font_icon=&#8221;&#x55;||divi||400&#8243; icon_color=&#8221;#161925&#8243; icon_placement=&#8221;left&#8221; image_icon_width=&#8221;28px&#8221; _builder_version=&#8221;4.27.3&#8243; _dynamic_attributes=&#8221;link_option_url&#8221; _module_preset=&#8221;default&#8221; header_level=&#8221;h3&#8243; header_font_size=&#8221;24px&#8221; body_font=&#8221;Gill reg||||||||&#8221; body_text_color=&#8221;#161925&#8243; body_font_size=&#8221;22px&#8221; background_color=&#8221;RGBA(255,255,255,0)&#8221; max_width=&#8221;230px&#8221; module_alignment=&#8221;center&#8221; custom_padding=&#8221;10px|10px|10px|10px|true|true&#8221; link_option_url=&#8221;@ET-DC@eyJkeW5hbWljIjp0cnVlLCJjb250ZW50IjoicG9zdF9saW5rX3VybF9wYWdlIiwic2V0dGluZ3MiOnsicG9zdF9pZCI6IjIzOTk5NSIsImVuYWJsZV9odG1sIjoib2ZmIn19@&#8221; border_radii=&#8221;on|12px|12px|12px|12px&#8221; border_width_all=&#8221;2px&#8221; global_colors_info=&#8221;{}&#8221;]<\/p>\n<p>Kom igen, nu k\u00f6r vi!<\/p>\n<p>[\/et_pb_blurb][\/et_pb_column][\/et_pb_row][et_pb_row column_structure=&#8221;1_2,1_2&#8243; _builder_version=&#8221;4.27.3&#8243; _module_preset=&#8221;default&#8221; width=&#8221;100%&#8221; max_width=&#8221;100%&#8221; custom_margin=&#8221;||||false|false&#8221; custom_padding=&#8221;||||false|false&#8221; global_colors_info=&#8221;{}&#8221; disabled_on=&#8221;on|on|on&#8221; disabled=&#8221;on&#8221;][et_pb_column type=&#8221;1_2&#8243; _builder_version=&#8221;4.27.3&#8243; _module_preset=&#8221;default&#8221; background_enable_image=&#8221;off&#8221; background_size=&#8221;contain&#8221; background_position=&#8221;bottom_left&#8221; global_colors_info=&#8221;{}&#8221;][et_pb_text _builder_version=&#8221;4.27.4&#8243; _module_preset=&#8221;default&#8221; text_font=&#8221;Gill light||||||||&#8221; text_text_color=&#8221;#161925&#8243; text_font_size=&#8221;22px&#8221; text_letter_spacing=&#8221;2px&#8221; text_line_height=&#8221;1.6em&#8221; header_2_font=&#8221;Gill bold||||||||&#8221; max_width=&#8221;450px&#8221; custom_padding=&#8221;||5%|10%|false|false&#8221; custom_padding_tablet=&#8221;||5%|10%|false|false&#8221; custom_padding_phone=&#8221;||17%|10%|false|false&#8221; custom_padding_last_edited=&#8221;on|tablet&#8221; global_colors_info=&#8221;{}&#8221;]<\/p>\n<h2>X- MAS SPECIAL:<\/h2>\n<p>F <strong>r\u00e5n och med den 1 december kan du<\/strong> uppt\u00e4cka v\u00e5r nya e-learningplattform<br \/>&#8221;NC-Hops Camp&#8221; med <strong>utbildningsvideor som sl\u00e4pps dagligen.<\/strong><\/p>\n<p>[\/et_pb_text][et_pb_image src=&#8221;https:\/\/camp.direkt.net\/wp-content\/uploads\/2024\/11\/HOPS_CAMP-geschenk.png&#8221; title_text=&#8221;HOPS_CAMP-present&#8221; _builder_version=&#8221;4.27.3&#8243; _module_preset=&#8221;default&#8221; positioning=&#8221;absolute&#8221; position_origin_a=&#8221;bottom_left&#8221; position_origin_r=&#8221;bottom_left&#8221; position_origin_a_last_edited=&#8221;off|desktop&#8221; position_origin_f_last_edited=&#8221;off|desktop&#8221; position_origin_r_last_edited=&#8221;off|desktop&#8221; width=&#8221;100%&#8221; positioning_last_edited=&#8221;off|desktop&#8221; global_colors_info=&#8221;{}&#8221;][\/et_pb_image][\/et_pb_column][et_pb_column type=&#8221;1_2&#8243; _builder_version=&#8221;4.27.3&#8243; _module_preset=&#8221;default&#8221; global_colors_info=&#8221;{}&#8221;][\/et_pb_column][\/et_pb_row][\/et_pb_section]<\/p>\n","protected":false},"excerpt":{"rendered":"<p>V\u00e4lkommen till ditt NC-Hops CampKom igen, nu k\u00f6r vi!X- MAS SPECIAL: F r\u00e5n och med den 1 december kan du uppt\u00e4cka v\u00e5r nya e-learningplattform&#8221;NC-Hops Camp&#8221; med utbildningsvideor som sl\u00e4pps dagligen.<\/p>\n","protected":false},"author":2,"featured_media":0,"parent":0,"menu_order":1,"comment_status":"closed","ping_status":"closed","template":"","meta":{"_et_pb_use_builder":"on","_et_pb_old_content":"","_et_gb_content_width":"","footnotes":""},"class_list":["post-243950","page","type-page","status-publish","hentry"],"_links":{"self":[{"href":"https:\/\/camp.direkt.net\/sv\/wp-json\/wp\/v2\/pages\/243950","targetHints":{"allow":["GET"]}}],"collection":[{"href":"https:\/\/camp.direkt.net\/sv\/wp-json\/wp\/v2\/pages"}],"about":[{"href":"https:\/\/camp.direkt.net\/sv\/wp-json\/wp\/v2\/types\/page"}],"author":[{"embeddable":true,"href":"https:\/\/camp.direkt.net\/sv\/wp-json\/wp\/v2\/users\/2"}],"replies":[{"embeddable":true,"href":"https:\/\/camp.direkt.net\/sv\/wp-json\/wp\/v2\/comments?post=243950"}],"version-history":[{"count":5,"href":"https:\/\/camp.direkt.net\/sv\/wp-json\/wp\/v2\/pages\/243950\/revisions"}],"predecessor-version":[{"id":245395,"href":"https:\/\/camp.direkt.net\/sv\/wp-json\/wp\/v2\/pages\/243950\/revisions\/245395"}],"wp:attachment":[{"href":"https:\/\/camp.direkt.net\/sv\/wp-json\/wp\/v2\/media?parent=243950"}],"curies":[{"name":"wp","href":"https:\/\/api.w.org\/{rel}","templated":true}]}}